{"id":58,"date":"2016-01-18T13:42:33","date_gmt":"2016-01-18T13:42:33","guid":{"rendered":"http:\/\/localhost\/wordpress\/freesia-empire\/?page_id=57"},"modified":"2020-10-22T20:25:06","modified_gmt":"2020-10-22T23:25:06","slug":"portfolio-4","status":"publish","type":"page","link":"https:\/\/santacasadecururupu.org.br\/index.php\/portfolio\/portfolio-4\/","title":{"rendered":"Laborat\u00f3rio de An\u00e1lises Cl\u00ednicas"},"content":{"rendered":"<p>As an\u00e1lises cl\u00ednicas s\u00e3o um conjunto de exames com a finalidade de verificar o estado de sa\u00fade de um paciente ou investigar doen\u00e7as, como os chamados exames de rotina, check-ups, dentre outros.<\/p>\n<p>A an\u00e1lise \u00e9 feita atrav\u00e9s do estudo de material biol\u00f3gico colhido do paciente, como por exemplo, sangue, urina, saliva, fezes, esperma, fragmentos de tecido, l\u00edquido sinovial, pleural, l\u00edquido cefalorraquidiano, pus, etc.<\/p>\n<p>Os laborat\u00f3rios de an\u00e1lises cl\u00ednicas estudam cada uma dessas amostras em setores espec\u00edficos, conforme o composto bioqu\u00edmico ou suspeita cl\u00ednica que se pretende investigar. Alguns exemplos de setores s\u00e3o:<\/p>\n<ul>\n<li style=\"list-style-type: none;\">\n<ul>\n<li>hematologia;<\/li>\n<li>bioqu\u00edmica;<\/li>\n<li>imunologia;<\/li>\n<li>uroan\u00e1lise;<\/li>\n<li>microbiologia e<\/li>\n<li>parasitologia.<\/li>\n<\/ul>\n<\/li>\n<\/ul>\n","protected":false},"excerpt":{"rendered":"<p>As an\u00e1lises cl\u00ednicas s\u00e3o um conjunto de exames com a finalidade de verificar o estado de sa\u00fade de um paciente ou investigar doen\u00e7as, como os chamados exames de rotina, check-ups, dentre outros. A an\u00e1lise \u00e9 feita atrav\u00e9s do estudo de material biol\u00f3gico colhido do paciente, como por exemplo, sangue, urina, saliva, fezes, esperma, fragmentos de tecido, l\u00edquido sinovial, pleural, l\u00edquido cefalorraquidiano, pus, etc. Os laborat\u00f3rios&hellip; <\/p>\n","protected":false},"author":1,"featured_media":434,"parent":52,"menu_order":0,"comment_status":"closed","ping_status":"closed","template":"","meta":{"footnotes":""},"_links":{"self":[{"href":"https:\/\/santacasadecururupu.org.br\/index.php\/wp-json\/wp\/v2\/pages\/58"}],"collection":[{"href":"https:\/\/santacasadecururupu.org.br\/index.php\/wp-json\/wp\/v2\/pages"}],"about":[{"href":"https:\/\/santacasadecururupu.org.br\/index.php\/wp-json\/wp\/v2\/types\/page"}],"author":[{"embeddable":true,"href":"https:\/\/santacasadecururupu.org.br\/index.php\/wp-json\/wp\/v2\/users\/1"}],"replies":[{"embeddable":true,"href":"https:\/\/santacasadecururupu.org.br\/index.php\/wp-json\/wp\/v2\/comments?post=58"}],"version-history":[{"count":2,"href":"https:\/\/santacasadecururupu.org.br\/index.php\/wp-json\/wp\/v2\/pages\/58\/revisions"}],"predecessor-version":[{"id":435,"href":"https:\/\/santacasadecururupu.org.br\/index.php\/wp-json\/wp\/v2\/pages\/58\/revisions\/435"}],"up":[{"embeddable":true,"href":"https:\/\/santacasadecururupu.org.br\/index.php\/wp-json\/wp\/v2\/pages\/52"}],"wp:featuredmedia":[{"embeddable":true,"href":"https:\/\/santacasadecururupu.org.br\/index.php\/wp-json\/wp\/v2\/media\/434"}],"wp:attachment":[{"href":"https:\/\/santacasadecururupu.org.br\/index.php\/wp-json\/wp\/v2\/media?parent=58"}],"curies":[{"name":"wp","href":"https:\/\/api.w.org\/{rel}","templated":true}]}}