{"id":56,"date":"2016-01-18T13:42:27","date_gmt":"2016-01-18T13:42:27","guid":{"rendered":"http:\/\/localhost\/wordpress\/freesia-empire\/?page_id=56"},"modified":"2020-10-22T20:32:38","modified_gmt":"2020-10-22T23:32:38","slug":"ultrassonografia","status":"publish","type":"page","link":"https:\/\/santacasadecururupu.org.br\/index.php\/portfolio\/ultrassonografia\/","title":{"rendered":"Ultrassonografia"},"content":{"rendered":"<p>\u00c9 um exame que\u00a0<strong>gera imagens em tempo real de \u00f3rg\u00e3os e de estruturas internas do corpo<\/strong>. Esse filme do organismo \u00e9 obtido com a emiss\u00e3o de ondas sonoras, que provocam eco nas regi\u00f5es examinadas.<\/p>\n<p><strong>Muito vers\u00e1til<\/strong>\u00a0e com diversas aplica\u00e7\u00f5es, a ultrassonografia \u00e9 um dos exames complementares mais solicitados que existe. Contudo, ela dificilmente \u00e9 usada como \u00fanica refer\u00eancia para o diagn\u00f3stico.<\/p>\n<p><strong>Para que serve<\/strong><\/p>\n<p>A ultrassonografia tem dezenas de finalidades, que variam de acordo com a regi\u00e3o examinada. Ela pode dar mais subs\u00eddio a um diagn\u00f3stico, complementando informa\u00e7\u00f5es de outros exames, fornecer orienta\u00e7\u00f5es para procedimentos cir\u00fargicos e acompanhar a recupera\u00e7\u00e3o p\u00f3s-cirurgia ou o tratamento medicamentoso de muitas doen\u00e7as, como disfun\u00e7\u00f5es da gl\u00e2ndula tireoide.<\/p>\n<p>A finalidade mais conhecida da ultrassonografia \u00e9 o acompanhamento da gravidez.\u00a0<strong>O HCor realiza mais de 40 tipos de ultrassonografias<\/strong>\u00a0(veja abaixo).<\/p>\n<p><strong>Como \u00e9 feito<\/strong><\/p>\n<p>Um gel \u00e9 aplicado na regi\u00e3o a ser examinada para facilitar a capta\u00e7\u00e3o de imagens. O paciente deita-se na maca e tem o transdutor (equipamento retangular ou cil\u00edndrico, com a ponta lisa) levemente pressionado contra o corpo, que capta as imagens para projet\u00e1-las no monitor do ultrassom.<\/p>\n<p>Em caso de ultrassonografia endovaginal ou endoanal, \u00e9 usado um transdutor espec\u00edfico para cada regi\u00e3o. Os procedimentos podem gerar um leve desconforto, mas\u00a0<strong>n\u00e3o precisam de anestesia<\/strong>.<\/p>\n<p><strong>Preparo e contraindica\u00e7\u00e3o<\/strong><\/p>\n<p>O modo de preparo varia muito de acordo com a regi\u00e3o examinada. Ultrassonografia da pelve, por exemplo, requer a ingest\u00e3o de tr\u00eas copos de \u00e1gua e reten\u00e7\u00e3o da urina. J\u00e1 o exame na gl\u00e2ndula tireoide, n\u00e3o precisa de nenhum preparo.<\/p>\n","protected":false},"excerpt":{"rendered":"<p>\u00c9 um exame que\u00a0gera imagens em tempo real de \u00f3rg\u00e3os e de estruturas internas do corpo. Esse filme do organismo \u00e9 obtido com a emiss\u00e3o de ondas sonoras, que provocam eco nas regi\u00f5es examinadas. Muito vers\u00e1til\u00a0e com diversas aplica\u00e7\u00f5es, a ultrassonografia \u00e9 um dos exames complementares mais solicitados que existe. Contudo, ela dificilmente \u00e9 usada como \u00fanica refer\u00eancia para o diagn\u00f3stico. Para que serve A&hellip; <\/p>\n","protected":false},"author":1,"featured_media":398,"parent":52,"menu_order":0,"comment_status":"closed","ping_status":"closed","template":"","meta":{"footnotes":""},"_links":{"self":[{"href":"https:\/\/santacasadecururupu.org.br\/index.php\/wp-json\/wp\/v2\/pages\/56"}],"collection":[{"href":"https:\/\/santacasadecururupu.org.br\/index.php\/wp-json\/wp\/v2\/pages"}],"about":[{"href":"https:\/\/santacasadecururupu.org.br\/index.php\/wp-json\/wp\/v2\/types\/page"}],"author":[{"embeddable":true,"href":"https:\/\/santacasadecururupu.org.br\/index.php\/wp-json\/wp\/v2\/users\/1"}],"replies":[{"embeddable":true,"href":"https:\/\/santacasadecururupu.org.br\/index.php\/wp-json\/wp\/v2\/comments?post=56"}],"version-history":[{"count":2,"href":"https:\/\/santacasadecururupu.org.br\/index.php\/wp-json\/wp\/v2\/pages\/56\/revisions"}],"predecessor-version":[{"id":438,"href":"https:\/\/santacasadecururupu.org.br\/index.php\/wp-json\/wp\/v2\/pages\/56\/revisions\/438"}],"up":[{"embeddable":true,"href":"https:\/\/santacasadecururupu.org.br\/index.php\/wp-json\/wp\/v2\/pages\/52"}],"wp:featuredmedia":[{"embeddable":true,"href":"https:\/\/santacasadecururupu.org.br\/index.php\/wp-json\/wp\/v2\/media\/398"}],"wp:attachment":[{"href":"https:\/\/santacasadecururupu.org.br\/index.php\/wp-json\/wp\/v2\/media?parent=56"}],"curies":[{"name":"wp","href":"https:\/\/api.w.org\/{rel}","templated":true}]}}