{"id":55,"date":"2016-01-18T13:42:22","date_gmt":"2016-01-18T13:42:22","guid":{"rendered":"http:\/\/localhost\/wordpress\/freesia-empire\/?page_id=55"},"modified":"2020-10-22T20:35:36","modified_gmt":"2020-10-22T23:35:36","slug":"raiox","status":"publish","type":"page","link":"https:\/\/santacasadecururupu.org.br\/index.php\/portfolio\/raiox\/","title":{"rendered":"Raio X"},"content":{"rendered":"<p>Os raios X s\u00e3o radia\u00e7\u00f5es que, ao atravessarem os \u00f3rg\u00e3os e tecidos, geram imagens do interior do corpo humano. No HCor, os estudos por raio X s\u00e3o realizados com o uso de\u00a0<strong>equipamentos modernos e sofisticados<\/strong>, totalmente digitais, que possuem\u00a0<strong>elevada qualidade e defini\u00e7\u00e3o<\/strong>.<\/p>\n<p>Os exames de tomografia e raios X utilizam radia\u00e7\u00e3o ionizante, por isso apresentam restri\u00e7\u00f5es para gestantes.\u00a0<strong>No caso de gravidez ou suspeita de gravidez, o m\u00e9dico deve ser informado deste fato.<\/strong><\/p>\n","protected":false},"excerpt":{"rendered":"<p>Os raios X s\u00e3o radia\u00e7\u00f5es que, ao atravessarem os \u00f3rg\u00e3os e tecidos, geram imagens do interior do corpo humano. No HCor, os estudos por raio X s\u00e3o realizados com o uso de\u00a0equipamentos modernos e sofisticados, totalmente digitais, que possuem\u00a0elevada qualidade e defini\u00e7\u00e3o. Os exames de tomografia e raios X utilizam radia\u00e7\u00e3o ionizante, por isso apresentam restri\u00e7\u00f5es para gestantes.\u00a0No caso de gravidez ou suspeita de gravidez,&hellip; <\/p>\n","protected":false},"author":1,"featured_media":401,"parent":52,"menu_order":0,"comment_status":"closed","ping_status":"closed","template":"","meta":{"footnotes":""},"_links":{"self":[{"href":"https:\/\/santacasadecururupu.org.br\/index.php\/wp-json\/wp\/v2\/pages\/55"}],"collection":[{"href":"https:\/\/santacasadecururupu.org.br\/index.php\/wp-json\/wp\/v2\/pages"}],"about":[{"href":"https:\/\/santacasadecururupu.org.br\/index.php\/wp-json\/wp\/v2\/types\/page"}],"author":[{"embeddable":true,"href":"https:\/\/santacasadecururupu.org.br\/index.php\/wp-json\/wp\/v2\/users\/1"}],"replies":[{"embeddable":true,"href":"https:\/\/santacasadecururupu.org.br\/index.php\/wp-json\/wp\/v2\/comments?post=55"}],"version-history":[{"count":3,"href":"https:\/\/santacasadecururupu.org.br\/index.php\/wp-json\/wp\/v2\/pages\/55\/revisions"}],"predecessor-version":[{"id":440,"href":"https:\/\/santacasadecururupu.org.br\/index.php\/wp-json\/wp\/v2\/pages\/55\/revisions\/440"}],"up":[{"embeddable":true,"href":"https:\/\/santacasadecururupu.org.br\/index.php\/wp-json\/wp\/v2\/pages\/52"}],"wp:featuredmedia":[{"embeddable":true,"href":"https:\/\/santacasadecururupu.org.br\/index.php\/wp-json\/wp\/v2\/media\/401"}],"wp:attachment":[{"href":"https:\/\/santacasadecururupu.org.br\/index.php\/wp-json\/wp\/v2\/media?parent=55"}],"curies":[{"name":"wp","href":"https:\/\/api.w.org\/{rel}","templated":true}]}}