{"id":18,"date":"2016-01-17T13:11:49","date_gmt":"2016-01-17T15:11:49","guid":{"rendered":"http:\/\/localhost\/wordpress\/freesia-empire\/?page_id=18"},"modified":"2020-10-27T11:41:45","modified_gmt":"2020-10-27T14:41:45","slug":"sobre","status":"publish","type":"page","link":"https:\/\/santacasadecururupu.org.br\/index.php\/sobre\/","title":{"rendered":"Sobre N\u00f3s"},"content":{"rendered":"\r\n<figure class=\"wp-block-image size-large\"><img loading=\"lazy\" decoding=\"async\" class=\"aligncenter wp-image-291 size-full\" src=\"http:\/\/santacasadecururupu.org.br\/wp-content\/uploads\/2020\/10\/slider-image-e1603809697207.jpg\" alt=\"\" width=\"819\" height=\"515\" srcset=\"https:\/\/santacasadecururupu.org.br\/wp-content\/uploads\/2020\/10\/slider-image-e1603809697207.jpg 819w, https:\/\/santacasadecururupu.org.br\/wp-content\/uploads\/2020\/10\/slider-image-e1603809697207-300x189.jpg 300w, https:\/\/santacasadecururupu.org.br\/wp-content\/uploads\/2020\/10\/slider-image-e1603809697207-768x483.jpg 768w\" sizes=\"(max-width: 819px) 100vw, 819px\" \/><\/figure>\r\n<p>Hospital com 100 leitos, semi-UTI, Sala Vermelha, Centro Cir\u00fargico com 3 salas, al\u00e9m de contar com a expedi\u00e7\u00e3o de registro civil, CPF e certid\u00e3o de \u00f3bitos.<\/p>\r\n<p class=\"wp-block-image size-large\">Localizado na cidade de Cururupu, a unidade oferta atendimentos em cirurgia, cl\u00ednica m\u00e9dica, obstetr\u00edcia (centro de parto normal), ortopedia, pediatria, anestesiologia, ultrassom, RX e exames laboratoriais.<\/p>\r\n<h2>Miss\u00e3o<\/h2>\r\n<p>Promover o bem estar f\u00edsico, ps\u00edquico e social do ser humano com profissionais qualificados e tecnologia atualizada, buscando atingir a excel\u00eancia no atendimento. Promovendo de forma sustent\u00e1vel o atendimento integral e humanizado \u00e0s pessoas, com qualidade e resolutividade, valorizando nossos profissionais e desenvolvendo educa\u00e7\u00e3o continuada dos mesmos.<\/p>\r\n<h2>Vis\u00e3o<\/h2>\r\n<p>Ser reconhecida pela excel\u00eancia no atendimento, e gest\u00e3o em sa\u00fade.<\/p>\r\n<h2>Valores<\/h2>\r\n<ul>\r\n<li>Respeito ao ser humano<\/li>\r\n<li>Valoriza\u00e7\u00e3o dos colaboradores<\/li>\r\n<li>Miseric\u00f3rdia<\/li>\r\n<li>Atendimento humanizado<\/li>\r\n<li>Excel\u00eancia profissional<\/li>\r\n<li>Responsabilidade social<\/li>\r\n<li>Voluntariado<\/li>\r\n<li>Vis\u00e3o integrada e realista da assist\u00eancia<\/li>\r\n<\/ul>\r\n<p><strong>Provedor:\u00a0<\/strong>Alcides Tavares<\/p>\r\n<p><strong>Diretor T\u00e9cnico:<\/strong> Dr. Edilson Corr\u00eaa de Medeiros J\u00fanior<\/p>\r\n","protected":false},"excerpt":{"rendered":"","protected":false},"author":1,"featured_media":316,"parent":0,"menu_order":0,"comment_status":"closed","ping_status":"closed","template":"","meta":{"footnotes":""},"_links":{"self":[{"href":"https:\/\/santacasadecururupu.org.br\/index.php\/wp-json\/wp\/v2\/pages\/18"}],"collection":[{"href":"https:\/\/santacasadecururupu.org.br\/index.php\/wp-json\/wp\/v2\/pages"}],"about":[{"href":"https:\/\/santacasadecururupu.org.br\/index.php\/wp-json\/wp\/v2\/types\/page"}],"author":[{"embeddable":true,"href":"https:\/\/santacasadecururupu.org.br\/index.php\/wp-json\/wp\/v2\/users\/1"}],"replies":[{"embeddable":true,"href":"https:\/\/santacasadecururupu.org.br\/index.php\/wp-json\/wp\/v2\/comments?post=18"}],"version-history":[{"count":20,"href":"https:\/\/santacasadecururupu.org.br\/index.php\/wp-json\/wp\/v2\/pages\/18\/revisions"}],"predecessor-version":[{"id":469,"href":"https:\/\/santacasadecururupu.org.br\/index.php\/wp-json\/wp\/v2\/pages\/18\/revisions\/469"}],"wp:featuredmedia":[{"embeddable":true,"href":"https:\/\/santacasadecururupu.org.br\/index.php\/wp-json\/wp\/v2\/media\/316"}],"wp:attachment":[{"href":"https:\/\/santacasadecururupu.org.br\/index.php\/wp-json\/wp\/v2\/media?parent=18"}],"curies":[{"name":"wp","href":"https:\/\/api.w.org\/{rel}","templated":true}]}}